{"id":666,"date":"2021-02-25T12:38:18","date_gmt":"2021-02-25T12:38:18","guid":{"rendered":"https:\/\/stage.ca.havas.com\/havas-mtl\/"},"modified":"2025-03-12T18:08:30","modified_gmt":"2025-03-12T18:08:30","slug":"havas-creative","status":"publish","type":"page","link":"https:\/\/ca.havas.com\/fr\/havas-creative\/","title":{"rendered":"Havas Creative"},"content":{"rendered":"","protected":false},"excerpt":{"rendered":"","protected":false},"author":1,"featured_media":0,"parent":0,"menu_order":0,"comment_status":"closed","ping_status":"closed","template":"","meta":{"footnotes":""},"class_list":["post-666","page","type-page","status-publish","hentry","entry"],"yoast_head":"<!-- This site is optimized with the Yoast SEO plugin v27.3 - https:\/\/yoast.com\/product\/yoast-seo-wordpress\/ -->\n<title>Havas Creative Canada | Cr\u00e9ateurs de marques incontournables<\/title>\n<meta name=\"description\" content=\"Havas Creative Canada est une agence de cr\u00e9ation \u00e0 service complet solidement implant\u00e9e au Qu\u00e9bec. Nous sommes persuad\u00e9s que l\u2019attention doit \u00eatre m\u00e9rit\u00e9e et que notre travail consiste \u00e0 agir utilement pour nos clients.\" \/>\n<meta name=\"robots\" content=\"index, follow, max-snippet:-1, max-image-preview:large, max-video-preview:-1\" \/>\n<link rel=\"canonical\" href=\"https:\/\/ca.havas.com\/fr\/havas-creative\/\" \/>\n<meta property=\"og:locale\" content=\"fr_FR\" \/>\n<meta property=\"og:type\" content=\"article\" \/>\n<meta property=\"og:title\" content=\"Havas Creative Canada | Cr\u00e9ateurs de marques incontournables\" \/>\n<meta property=\"og:description\" content=\"Havas Creative Canada est une agence de cr\u00e9ation \u00e0 service complet solidement implant\u00e9e au Qu\u00e9bec. Nous sommes persuad\u00e9s que l\u2019attention doit \u00eatre m\u00e9rit\u00e9e et que notre travail consiste \u00e0 agir utilement pour nos clients.\" \/>\n<meta property=\"og:url\" content=\"https:\/\/ca.havas.com\/fr\/havas-creative\/\" \/>\n<meta property=\"og:site_name\" content=\"Havas Canada\" \/>\n<meta property=\"article:modified_time\" content=\"2025-03-12T18:08:30+00:00\" \/>\n<meta name=\"twitter:card\" content=\"summary_large_image\" \/>\n<script type=\"application\/ld+json\" class=\"yoast-schema-graph\">{\"@context\":\"https:\\\/\\\/schema.org\",\"@graph\":[{\"@type\":\"WebPage\",\"@id\":\"https:\\\/\\\/ca.havas.com\\\/fr\\\/havas-creative\\\/\",\"url\":\"https:\\\/\\\/ca.havas.com\\\/fr\\\/havas-creative\\\/\",\"name\":\"Havas Creative Canada | Cr\u00e9ateurs de marques incontournables\",\"isPartOf\":{\"@id\":\"https:\\\/\\\/ca.havas.com\\\/#website\"},\"datePublished\":\"2021-02-25T12:38:18+00:00\",\"dateModified\":\"2025-03-12T18:08:30+00:00\",\"description\":\"Havas Creative Canada est une agence de cr\u00e9ation \u00e0 service complet solidement implant\u00e9e au Qu\u00e9bec. Nous sommes persuad\u00e9s que l\u2019attention doit \u00eatre m\u00e9rit\u00e9e et que notre travail consiste \u00e0 agir utilement pour nos clients.\",\"inLanguage\":\"fr-FR\",\"potentialAction\":[{\"@type\":\"ReadAction\",\"target\":[\"https:\\\/\\\/ca.havas.com\\\/fr\\\/havas-creative\\\/\"]}]},{\"@type\":\"WebSite\",\"@id\":\"https:\\\/\\\/ca.havas.com\\\/#website\",\"url\":\"https:\\\/\\\/ca.havas.com\\\/\",\"name\":\"Havas Canada\",\"description\":\"Just another Havas Village Sites site\",\"potentialAction\":[{\"@type\":\"SearchAction\",\"target\":{\"@type\":\"EntryPoint\",\"urlTemplate\":\"https:\\\/\\\/ca.havas.com\\\/?s={search_term_string}\"},\"query-input\":{\"@type\":\"PropertyValueSpecification\",\"valueRequired\":true,\"valueName\":\"search_term_string\"}}],\"inLanguage\":\"fr-FR\"}]}<\/script>\n<!-- \/ Yoast SEO plugin. -->","yoast_head_json":{"title":"Havas Creative Canada | Cr\u00e9ateurs de marques incontournables","description":"Havas Creative Canada est une agence de cr\u00e9ation \u00e0 service complet solidement implant\u00e9e au Qu\u00e9bec. Nous sommes persuad\u00e9s que l\u2019attention doit \u00eatre m\u00e9rit\u00e9e et que notre travail consiste \u00e0 agir utilement pour nos clients.","robots":{"index":"index","follow":"follow","max-snippet":"max-snippet:-1","max-image-preview":"max-image-preview:large","max-video-preview":"max-video-preview:-1"},"canonical":"https:\/\/ca.havas.com\/fr\/havas-creative\/","og_locale":"fr_FR","og_type":"article","og_title":"Havas Creative Canada | Cr\u00e9ateurs de marques incontournables","og_description":"Havas Creative Canada est une agence de cr\u00e9ation \u00e0 service complet solidement implant\u00e9e au Qu\u00e9bec. Nous sommes persuad\u00e9s que l\u2019attention doit \u00eatre m\u00e9rit\u00e9e et que notre travail consiste \u00e0 agir utilement pour nos clients.","og_url":"https:\/\/ca.havas.com\/fr\/havas-creative\/","og_site_name":"Havas Canada","article_modified_time":"2025-03-12T18:08:30+00:00","twitter_card":"summary_large_image","schema":{"@context":"https:\/\/schema.org","@graph":[{"@type":"WebPage","@id":"https:\/\/ca.havas.com\/fr\/havas-creative\/","url":"https:\/\/ca.havas.com\/fr\/havas-creative\/","name":"Havas Creative Canada | Cr\u00e9ateurs de marques incontournables","isPartOf":{"@id":"https:\/\/ca.havas.com\/#website"},"datePublished":"2021-02-25T12:38:18+00:00","dateModified":"2025-03-12T18:08:30+00:00","description":"Havas Creative Canada est une agence de cr\u00e9ation \u00e0 service complet solidement implant\u00e9e au Qu\u00e9bec. Nous sommes persuad\u00e9s que l\u2019attention doit \u00eatre m\u00e9rit\u00e9e et que notre travail consiste \u00e0 agir utilement pour nos clients.","inLanguage":"fr-FR","potentialAction":[{"@type":"ReadAction","target":["https:\/\/ca.havas.com\/fr\/havas-creative\/"]}]},{"@type":"WebSite","@id":"https:\/\/ca.havas.com\/#website","url":"https:\/\/ca.havas.com\/","name":"Havas Canada","description":"Just another Havas Village Sites site","potentialAction":[{"@type":"SearchAction","target":{"@type":"EntryPoint","urlTemplate":"https:\/\/ca.havas.com\/?s={search_term_string}"},"query-input":{"@type":"PropertyValueSpecification","valueRequired":true,"valueName":"search_term_string"}}],"inLanguage":"fr-FR"}]}},"_links":{"self":[{"href":"https:\/\/ca.havas.com\/fr\/wp-json\/wp\/v2\/pages\/666","targetHints":{"allow":["GET"]}}],"collection":[{"href":"https:\/\/ca.havas.com\/fr\/wp-json\/wp\/v2\/pages"}],"about":[{"href":"https:\/\/ca.havas.com\/fr\/wp-json\/wp\/v2\/types\/page"}],"author":[{"embeddable":true,"href":"https:\/\/ca.havas.com\/fr\/wp-json\/wp\/v2\/users\/1"}],"replies":[{"embeddable":true,"href":"https:\/\/ca.havas.com\/fr\/wp-json\/wp\/v2\/comments?post=666"}],"version-history":[{"count":0,"href":"https:\/\/ca.havas.com\/fr\/wp-json\/wp\/v2\/pages\/666\/revisions"}],"wp:attachment":[{"href":"https:\/\/ca.havas.com\/fr\/wp-json\/wp\/v2\/media?parent=666"}],"curies":[{"name":"wp","href":"https:\/\/api.w.org\/{rel}","templated":true}]}}