{"id":698,"date":"2021-02-26T09:49:44","date_gmt":"2021-02-26T09:49:44","guid":{"rendered":"https:\/\/stage.ca.havas.com\/career\/"},"modified":"2021-03-08T13:45:59","modified_gmt":"2021-03-08T13:45:59","slug":"career","status":"publish","type":"page","link":"https:\/\/ca.havas.com\/fr\/career\/","title":{"rendered":"Carri\u00e8re"},"content":{"rendered":"","protected":false},"excerpt":{"rendered":"","protected":false},"author":1,"featured_media":0,"parent":0,"menu_order":0,"comment_status":"closed","ping_status":"closed","template":"template_carrers.php","meta":{"footnotes":""},"class_list":["post-698","page","type-page","status-publish","hentry","entry"],"yoast_head":"<!-- This site is optimized with the Yoast SEO plugin v27.4 - https:\/\/yoast.com\/product\/yoast-seo-wordpress\/ -->\n<title>Capital humain et culture | Havas Canada<\/title>\n<meta name=\"description\" content=\"Chez Havas, nous cr\u00e9ons de grandes \u0153uvres, ensemble, et nous sommes toujours \u00e0 la recherche des meilleurs talents dans les diff\u00e9rents secteurs de la cr\u00e9ation.\" \/>\n<meta name=\"robots\" content=\"index, follow, max-snippet:-1, max-image-preview:large, max-video-preview:-1\" \/>\n<link rel=\"canonical\" href=\"https:\/\/ca.havas.com\/fr\/career\/\" \/>\n<meta property=\"og:locale\" content=\"fr_FR\" \/>\n<meta property=\"og:type\" content=\"article\" \/>\n<meta property=\"og:title\" content=\"Capital humain et culture | Havas Canada\" \/>\n<meta property=\"og:description\" content=\"Chez Havas, nous cr\u00e9ons de grandes \u0153uvres, ensemble, et nous sommes toujours \u00e0 la recherche des meilleurs talents dans les diff\u00e9rents secteurs de la cr\u00e9ation.\" \/>\n<meta property=\"og:url\" content=\"https:\/\/ca.havas.com\/fr\/career\/\" \/>\n<meta property=\"og:site_name\" content=\"Havas Canada\" \/>\n<meta property=\"article:modified_time\" content=\"2021-03-08T13:45:59+00:00\" \/>\n<meta name=\"twitter:card\" content=\"summary_large_image\" \/>\n<script type=\"application\/ld+json\" class=\"yoast-schema-graph\">{\"@context\":\"https:\\\/\\\/schema.org\",\"@graph\":[{\"@type\":\"WebPage\",\"@id\":\"https:\\\/\\\/ca.havas.com\\\/fr\\\/career\\\/\",\"url\":\"https:\\\/\\\/ca.havas.com\\\/fr\\\/career\\\/\",\"name\":\"Capital humain et culture | Havas Canada\",\"isPartOf\":{\"@id\":\"https:\\\/\\\/ca.havas.com\\\/#website\"},\"datePublished\":\"2021-02-26T09:49:44+00:00\",\"dateModified\":\"2021-03-08T13:45:59+00:00\",\"description\":\"Chez Havas, nous cr\u00e9ons de grandes \u0153uvres, ensemble, et nous sommes toujours \u00e0 la recherche des meilleurs talents dans les diff\u00e9rents secteurs de la cr\u00e9ation.\",\"inLanguage\":\"fr-FR\",\"potentialAction\":[{\"@type\":\"ReadAction\",\"target\":[\"https:\\\/\\\/ca.havas.com\\\/fr\\\/career\\\/\"]}]},{\"@type\":\"WebSite\",\"@id\":\"https:\\\/\\\/ca.havas.com\\\/#website\",\"url\":\"https:\\\/\\\/ca.havas.com\\\/\",\"name\":\"Havas Canada\",\"description\":\"Just another Havas Village Sites site\",\"potentialAction\":[{\"@type\":\"SearchAction\",\"target\":{\"@type\":\"EntryPoint\",\"urlTemplate\":\"https:\\\/\\\/ca.havas.com\\\/?s={search_term_string}\"},\"query-input\":{\"@type\":\"PropertyValueSpecification\",\"valueRequired\":true,\"valueName\":\"search_term_string\"}}],\"inLanguage\":\"fr-FR\"}]}<\/script>\n<!-- \/ Yoast SEO plugin. -->","yoast_head_json":{"title":"Capital humain et culture | Havas Canada","description":"Chez Havas, nous cr\u00e9ons de grandes \u0153uvres, ensemble, et nous sommes toujours \u00e0 la recherche des meilleurs talents dans les diff\u00e9rents secteurs de la cr\u00e9ation.","robots":{"index":"index","follow":"follow","max-snippet":"max-snippet:-1","max-image-preview":"max-image-preview:large","max-video-preview":"max-video-preview:-1"},"canonical":"https:\/\/ca.havas.com\/fr\/career\/","og_locale":"fr_FR","og_type":"article","og_title":"Capital humain et culture | Havas Canada","og_description":"Chez Havas, nous cr\u00e9ons de grandes \u0153uvres, ensemble, et nous sommes toujours \u00e0 la recherche des meilleurs talents dans les diff\u00e9rents secteurs de la cr\u00e9ation.","og_url":"https:\/\/ca.havas.com\/fr\/career\/","og_site_name":"Havas Canada","article_modified_time":"2021-03-08T13:45:59+00:00","twitter_card":"summary_large_image","schema":{"@context":"https:\/\/schema.org","@graph":[{"@type":"WebPage","@id":"https:\/\/ca.havas.com\/fr\/career\/","url":"https:\/\/ca.havas.com\/fr\/career\/","name":"Capital humain et culture | Havas Canada","isPartOf":{"@id":"https:\/\/ca.havas.com\/#website"},"datePublished":"2021-02-26T09:49:44+00:00","dateModified":"2021-03-08T13:45:59+00:00","description":"Chez Havas, nous cr\u00e9ons de grandes \u0153uvres, ensemble, et nous sommes toujours \u00e0 la recherche des meilleurs talents dans les diff\u00e9rents secteurs de la cr\u00e9ation.","inLanguage":"fr-FR","potentialAction":[{"@type":"ReadAction","target":["https:\/\/ca.havas.com\/fr\/career\/"]}]},{"@type":"WebSite","@id":"https:\/\/ca.havas.com\/#website","url":"https:\/\/ca.havas.com\/","name":"Havas Canada","description":"Just another Havas Village Sites site","potentialAction":[{"@type":"SearchAction","target":{"@type":"EntryPoint","urlTemplate":"https:\/\/ca.havas.com\/?s={search_term_string}"},"query-input":{"@type":"PropertyValueSpecification","valueRequired":true,"valueName":"search_term_string"}}],"inLanguage":"fr-FR"}]}},"_links":{"self":[{"href":"https:\/\/ca.havas.com\/fr\/wp-json\/wp\/v2\/pages\/698","targetHints":{"allow":["GET"]}}],"collection":[{"href":"https:\/\/ca.havas.com\/fr\/wp-json\/wp\/v2\/pages"}],"about":[{"href":"https:\/\/ca.havas.com\/fr\/wp-json\/wp\/v2\/types\/page"}],"author":[{"embeddable":true,"href":"https:\/\/ca.havas.com\/fr\/wp-json\/wp\/v2\/users\/1"}],"replies":[{"embeddable":true,"href":"https:\/\/ca.havas.com\/fr\/wp-json\/wp\/v2\/comments?post=698"}],"version-history":[{"count":0,"href":"https:\/\/ca.havas.com\/fr\/wp-json\/wp\/v2\/pages\/698\/revisions"}],"wp:attachment":[{"href":"https:\/\/ca.havas.com\/fr\/wp-json\/wp\/v2\/media?parent=698"}],"curies":[{"name":"wp","href":"https:\/\/api.w.org\/{rel}","templated":true}]}}