{"id":719,"date":"2021-03-02T06:11:58","date_gmt":"2021-03-02T06:11:58","guid":{"rendered":"https:\/\/stage.ca.havas.com\/?page_id=719"},"modified":"2021-03-08T12:16:21","modified_gmt":"2021-03-08T12:16:21","slug":"politique-de-temoin","status":"publish","type":"page","link":"https:\/\/ca.havas.com\/fr\/politique-de-temoin\/","title":{"rendered":"Politique de T\u00e9moin (T\u00c9MOIN)"},"content":{"rendered":"<div class=\"container -content\">\n<h2><strong>POLITIQUE DE T\u00c9MOIN (T\u00c9MOIN)<\/strong><\/h2>\n<div>Certains t\u00e9moins ou d\u2019autres technologies de tra\u00e7age peuvent \u00eatre install\u00e9s sur votre appareil (ordinateur, tablette ou t\u00e9l\u00e9phone intelligent) lorsque vous visitez notre site Web <a href=\"https:\/\/ca.havas.com\/fr\/\">ca.havas.com<\/a><\/div>\n<div>La pr\u00e9sente politique de t\u00e9moin contient des renseignements sur ce que sont les t\u00e9moins, le type de t\u00e9moins utilis\u00e9s par HAVAS S.A sur le site Web<a href=\"https:\/\/ca.havas.com\/fr\/\">ca.havas.com<\/a>\u202fet les finalit\u00e9s de ces utilisations, ainsi que vos pr\u00e9f\u00e9rences en mati\u00e8re de t\u00e9moins.<\/div>\n<div>La pr\u00e9sente politique doit \u00eatre consult\u00e9e conjointement avec la \u202f<a href=\"\/politique-de-protection-des-renseignements-personnels\/\" target=\"_blank\" rel=\"noopener noreferrer\">politique de confidentialit\u00e9 <\/a> et les<a href=\"https:\/\/ca.havas.com\/fr\/conditions-dutilisation\/\" target=\"_blank\" rel=\"noopener noreferrer\">conditions d\u2019utilisation d\u2019HAVAS.<\/a>.<\/div>\n<h2>Que d\u00e9signe-t-on par \u00ab t\u00e9moins \u00bb et \u00ab technologies de tra\u00e7age \u00bb?<\/h2>\n<div>Les t\u00e9moins sont de petits fichiers qui contiennent un nombre de donn\u00e9es g\u00e9n\u00e9r\u00e9es lorsque vous naviguez sur un site Web et qui sont install\u00e9s sur votre navigateur Internet. Les autres technologies de tra\u00e7age, comme les traceurs, pixels et gif invisibles, fonctionnent d\u2019une fa\u00e7on semblable aux t\u00e9moins.<\/div>\n<div>Les t\u00e9moins et les autres technologies de tra\u00e7age sont utilis\u00e9s pour suivre votre activit\u00e9 sur un site Web et pour nous permettre (en tant que premiers destinataires des t\u00e9moins) ou permettre \u00e0 des tiers (pour les t\u00e9moins tiers) de collecter des renseignements sur la mani\u00e8re dont vous utilisez le site et dans le but d&#8217;am\u00e9liorer son fonctionnement et votre exp\u00e9rience de navigation.<\/div>\n<div>Il existe deux types de t\u00e9moins : les t\u00e9moins volatils et les t\u00e9moins persistants.<\/div>\n<ul>\n<li>Les t\u00e9moins volatils sont temporaires et sont, par cons\u00e9quent, automatiquement effac\u00e9s de votre appareil chaque fois que vous fermez votre navigateur;<\/li>\n<li>Les t\u00e9moins persistants restent dans votre appareil pendant une p\u00e9riode allant jusqu\u2019\u00e0 un an et sont activ\u00e9s chaque fois que vous visitez le site depuis lequel ils ont \u00e9t\u00e9 install\u00e9s.<\/li>\n<\/ul>\n<h2>Vos choix en mati\u00e8re de t\u00e9moins<\/h2>\n<div>Vous avez diff\u00e9rentes possibilit\u00e9s pour contr\u00f4ler ou limiter la fa\u00e7on dont les t\u00e9moins peuvent \u00eatre install\u00e9s et utilis\u00e9s par nous ou par des tiers :<\/div>\n<ul>\n<li>Vous pouvez d\u00e9cider de supprimer tous les t\u00e9moins ou une partie de ceux-ci depuis votre appareil dans vos r\u00e9glages de navigation;<\/li>\n<li>Vous pouvez d\u00e9cider d\u2019emp\u00eacher l\u2019installation de t\u00e9moins sur votre appareil dans vos r\u00e9glages de navigation;<\/li>\n<li>Vous pouvez permettre ou non l\u2019utilisation des t\u00e9moins que nous utilisons directement sur notre site Web en cliquant sur \u00ab R\u00e9glage des t\u00e9moins \u00bb, au bas de notre site Web.<\/li>\n<\/ul>\n<div>Pour en savoir plus sur la fa\u00e7on de g\u00e9rer les t\u00e9moins depuis votre navigateur, vous pouvez consulter les liens suivants, selon votre navigateur :<\/div>\n<ul>\n<li><a href=\"https:\/\/support.microsoft.com\/en-gb\/help\/278835\/how-to-delete-cookie-files-in-internet-explorer\" target=\"_blank\" rel=\"noopener noreferrer\">Internet<br \/>\nExplorer<\/a><\/li>\n<li><a href=\"https:\/\/support.google.com\/chrome\/answer\/95647?hl=en&amp;p=cpn_cookies\" target=\"_blank\" rel=\"noopener noreferrer\">Chrome<\/a><\/li>\n<li><a href=\"https:\/\/support.apple.com\/en-gb\/guide\/safari\/welcome\/mac\" target=\"_blank\" rel=\"noopener noreferrer\">Safari<\/a><\/li>\n<li><a href=\"https:\/\/support.mozilla.org\/en-US\/kb\/cookies-information-websites-store-on-your-computer?redirectlocale=en-US&amp;redirectslug=Cookies\" target=\"_blank\" rel=\"noopener noreferrer\">Mozilla Firefox<\/a><\/li>\n<li><a href=\"https:\/\/help.opera.com\/en\/latest\/web-preferences\/#cookies\" target=\"_blank\" rel=\"noopener noreferrer\">Opera<\/a><\/li>\n<\/ul>\n<div>Veuillez noter que si vous d\u00e9cidez de bloquer ou de d\u00e9sactiver l\u2019ensemble ou une partie des t\u00e9moins que nous utilisons, notre site Web pourrait ne pas fonctionner correctement, et vous pourriez ne pas pouvoir profiter de la totalit\u00e9 des services et fonctionnalit\u00e9s fournis avec l\u2019utilisation des t\u00e9moins.<\/div>\n<div>Pour en savoir plus sur les t\u00e9moins et la fa\u00e7on de les g\u00e9rer, visitez les sites suivants : \u202f<a href=\"https:\/\/www.youronlinechoices.eu\/\" target=\"_blank\" rel=\"noopener noreferrer\">https:\/\/www.youronlinechoices.eu<\/a>\u202fand\u202f<a href=\"https:\/\/www.allaboutcookies.org\/\" target=\"_blank\" rel=\"noopener noreferrer\">https:\/\/www.allaboutcookies.org<\/a>.<\/div>\n<h2>Types de t\u00e9moins utilis\u00e9s sur notre site Web<\/h2>\n<h2>Quand vous surfez sur notre site Internet, nous utilisons les types de t\u00e9moins suivants :<\/h2>\n<h2>T\u00e9moins strictement n\u00e9cessaires<\/h2>\n<div>Ces t\u00e9moins sont n\u00e9cessaires au fonctionnement du site Web et ne peuvent pas \u00eatre d\u00e9sactiv\u00e9s. Ils ne sont g\u00e9n\u00e9ralement d\u00e9finis qu\u2019en r\u00e9ponse \u00e0 des actions que vous avez effectu\u00e9es et qui correspondent \u00e0 une demande de services, comme la d\u00e9finition de vos pr\u00e9f\u00e9rences en mati\u00e8re de confidentialit\u00e9, la connexion \u00e0 votre compte ou le remplissage de formulaires.<\/div>\n<div>Vous pouvez configurer votre navigateur pour qu\u2019il bloque ces t\u00e9moins ou vous alerte lorsqu\u2019ils sont utilis\u00e9s. En revanche, certaines parties du site ne fonctionneront pas. Sachez que ces t\u00e9moins ne stockent aucune information permettant de vous identifier.<\/div>\n<ul>\n<li>django_language<\/li>\n<li>csrftoken<\/li>\n<\/ul>\n<h2>T\u00e9moins de performance<\/h2>\n<div>Ces t\u00e9moins nous permettent de comptabiliser les visites et les sources de trafic afin que nous puissions mesurer et am\u00e9liorer les performances de notre site. Ils nous aident \u00e0 savoir quelles pages sont les plus et les moins populaires ainsi qu\u2019\u00e0 voir comment les visiteurs naviguent sur le site.<\/div>\n<div>Tous les renseignements collect\u00e9s par ces t\u00e9moins sont agr\u00e9g\u00e9s et donc anonymes. Si vous n\u2019autorisez pas ces t\u00e9moins, nous ne saurons pas quand vous avez visit\u00e9 notre site et ne serons pas en mesure de surveiller sa performance. T\u00e9moins utilis\u00e9s :<\/div>\n<ul>\n<li>_ga<\/li>\n<li>_gat<\/li>\n<li>_gid<\/li>\n<\/ul>\n<h2>T\u00e9moins fonctionnels<\/h2>\n<div>Ces t\u00e9moins permettent au site Web d\u2019offrir des fonctionnalit\u00e9s et une personnalisation am\u00e9lior\u00e9es. Ils peuvent \u00eatre d\u00e9finis par nous ou par des fournisseurs tiers dont nous avons ajout\u00e9 les services \u00e0 nos pages.<\/div>\n<div>Si vous n\u2019autorisez pas ces t\u00e9moins, certains ou l\u2019ensemble de ces services pourraient ne pas fonctionner correctement.<\/div>\n<ul>\n<li>Aucun t\u00e9moin n\u2019est applicable dans cette cat\u00e9gorie<\/li>\n<\/ul>\n<h2>T\u00e9moins de ciblage<\/h2>\n<div>Ces t\u00e9moins peuvent \u00eatre install\u00e9s par l\u2019entremise de notre site Web par nos partenaires publicitaires. Ils peuvent \u00eatre utilis\u00e9s par ces entreprises pour \u00e9tablir un profil de vos int\u00e9r\u00eats et vous montrer des publicit\u00e9s pertinentes sur d\u2019autres sites.<\/div>\n<div>Ils ne stockent pas directement de renseignements personnels, mais reposent sur l\u2019identification unique de votre navigateur et de votre appareil. Si vous n\u2019autorisez pas ces t\u00e9moins, vous b\u00e9n\u00e9ficierez d\u2019une publicit\u00e9 moins cibl\u00e9e.<\/div>\n<ul>\n<li>1P_JAR<\/li>\n<li>ANID<\/li>\n<li>APISID<\/li>\n<li>HSID<\/li>\n<li>NID<\/li>\n<li>SAPISID<\/li>\n<li>SID<\/li>\n<li>SIDCC<\/li>\n<li>SSID<\/li>\n<li>UULE<\/li>\n<li>APISID<\/li>\n<li>CONSENT<\/li>\n<li>HSID<\/li>\n<li>LOGIN_INFO<\/li>\n<li>PREF<\/li>\n<li>SAPISID<\/li>\n<li>SID<\/li>\n<li>SIDCC<\/li>\n<li>SSID<\/li>\n<li>VISITORINFO1LIVE<\/li>\n<li>YSC<\/li>\n<\/ul>\n<h2>Pour nous joindre<\/h2>\n<div>Si vous avez des questions ou des commentaires sur la pr\u00e9sente politique de t\u00e9moin ou sur la fa\u00e7on dont HAVAS S.A utilise des t\u00e9moins et d\u2019autres technologies de tra\u00e7age, veuillez communiquer avec nous \u00e0<a href=\"mailto:data.protectionuk@havas.com\">data.protectionuk@havas.com<\/a><\/div>\n<\/div>\n","protected":false},"excerpt":{"rendered":"<p>POLITIQUE DE T\u00c9MOIN (T\u00c9MOIN) Certains t\u00e9moins ou d\u2019autres technologies de tra\u00e7age peuvent \u00eatre install\u00e9s sur votre appareil (ordinateur, tablette ou t\u00e9l\u00e9phone intelligent) lorsque vous visitez notre site Web ca.havas.com La pr\u00e9sente politique de t\u00e9moin contient des renseignements sur ce que sont les t\u00e9moins, le type de t\u00e9moins utilis\u00e9s par HAVAS S.A sur le site Webca.havas.com\u202fet [&hellip;]<\/p>\n","protected":false},"author":1,"featured_media":0,"parent":0,"menu_order":0,"comment_status":"closed","ping_status":"closed","template":"","meta":{"footnotes":""},"class_list":["post-719","page","type-page","status-publish","hentry","entry"],"yoast_head":"<!-- This site is optimized with the Yoast SEO plugin v27.4 - https:\/\/yoast.com\/product\/yoast-seo-wordpress\/ -->\n<title>Politique de T\u00e9moin (T\u00c9MOIN) - Havas Canada<\/title>\n<meta name=\"robots\" content=\"index, follow, max-snippet:-1, max-image-preview:large, max-video-preview:-1\" \/>\n<link rel=\"canonical\" href=\"https:\/\/ca.havas.com\/fr\/politique-de-temoin\/\" \/>\n<meta property=\"og:locale\" content=\"fr_FR\" \/>\n<meta property=\"og:type\" content=\"article\" \/>\n<meta property=\"og:title\" content=\"Politique de T\u00e9moin (T\u00c9MOIN) - Havas Canada\" \/>\n<meta property=\"og:description\" content=\"POLITIQUE DE T\u00c9MOIN (T\u00c9MOIN) Certains t\u00e9moins ou d\u2019autres technologies de tra\u00e7age peuvent \u00eatre install\u00e9s sur votre appareil (ordinateur, tablette ou t\u00e9l\u00e9phone intelligent) lorsque vous visitez notre site Web ca.havas.com La pr\u00e9sente politique de t\u00e9moin contient des renseignements sur ce que sont les t\u00e9moins, le type de t\u00e9moins utilis\u00e9s par HAVAS S.A sur le site Webca.havas.com\u202fet [&hellip;]\" \/>\n<meta property=\"og:url\" content=\"https:\/\/ca.havas.com\/fr\/politique-de-temoin\/\" \/>\n<meta property=\"og:site_name\" content=\"Havas Canada\" \/>\n<meta property=\"article:modified_time\" content=\"2021-03-08T12:16:21+00:00\" \/>\n<meta name=\"twitter:card\" content=\"summary_large_image\" \/>\n<meta name=\"twitter:label1\" content=\"Est. reading time\" \/>\n\t<meta name=\"twitter:data1\" content=\"4 minutes\" \/>\n<script type=\"application\/ld+json\" class=\"yoast-schema-graph\">{\"@context\":\"https:\\\/\\\/schema.org\",\"@graph\":[{\"@type\":\"WebPage\",\"@id\":\"https:\\\/\\\/ca.havas.com\\\/fr\\\/politique-de-temoin\\\/\",\"url\":\"https:\\\/\\\/ca.havas.com\\\/fr\\\/politique-de-temoin\\\/\",\"name\":\"Politique de T\u00e9moin (T\u00c9MOIN) - Havas Canada\",\"isPartOf\":{\"@id\":\"https:\\\/\\\/ca.havas.com\\\/#website\"},\"datePublished\":\"2021-03-02T06:11:58+00:00\",\"dateModified\":\"2021-03-08T12:16:21+00:00\",\"inLanguage\":\"fr-FR\",\"potentialAction\":[{\"@type\":\"ReadAction\",\"target\":[\"https:\\\/\\\/ca.havas.com\\\/fr\\\/politique-de-temoin\\\/\"]}]},{\"@type\":\"WebSite\",\"@id\":\"https:\\\/\\\/ca.havas.com\\\/#website\",\"url\":\"https:\\\/\\\/ca.havas.com\\\/\",\"name\":\"Havas Canada\",\"description\":\"Just another Havas Village Sites site\",\"potentialAction\":[{\"@type\":\"SearchAction\",\"target\":{\"@type\":\"EntryPoint\",\"urlTemplate\":\"https:\\\/\\\/ca.havas.com\\\/?s={search_term_string}\"},\"query-input\":{\"@type\":\"PropertyValueSpecification\",\"valueRequired\":true,\"valueName\":\"search_term_string\"}}],\"inLanguage\":\"fr-FR\"}]}<\/script>\n<!-- \/ Yoast SEO plugin. -->","yoast_head_json":{"title":"Politique de T\u00e9moin (T\u00c9MOIN) - Havas Canada","robots":{"index":"index","follow":"follow","max-snippet":"max-snippet:-1","max-image-preview":"max-image-preview:large","max-video-preview":"max-video-preview:-1"},"canonical":"https:\/\/ca.havas.com\/fr\/politique-de-temoin\/","og_locale":"fr_FR","og_type":"article","og_title":"Politique de T\u00e9moin (T\u00c9MOIN) - Havas Canada","og_description":"POLITIQUE DE T\u00c9MOIN (T\u00c9MOIN) Certains t\u00e9moins ou d\u2019autres technologies de tra\u00e7age peuvent \u00eatre install\u00e9s sur votre appareil (ordinateur, tablette ou t\u00e9l\u00e9phone intelligent) lorsque vous visitez notre site Web ca.havas.com La pr\u00e9sente politique de t\u00e9moin contient des renseignements sur ce que sont les t\u00e9moins, le type de t\u00e9moins utilis\u00e9s par HAVAS S.A sur le site Webca.havas.com\u202fet [&hellip;]","og_url":"https:\/\/ca.havas.com\/fr\/politique-de-temoin\/","og_site_name":"Havas Canada","article_modified_time":"2021-03-08T12:16:21+00:00","twitter_card":"summary_large_image","twitter_misc":{"Est. reading time":"4 minutes"},"schema":{"@context":"https:\/\/schema.org","@graph":[{"@type":"WebPage","@id":"https:\/\/ca.havas.com\/fr\/politique-de-temoin\/","url":"https:\/\/ca.havas.com\/fr\/politique-de-temoin\/","name":"Politique de T\u00e9moin (T\u00c9MOIN) - Havas Canada","isPartOf":{"@id":"https:\/\/ca.havas.com\/#website"},"datePublished":"2021-03-02T06:11:58+00:00","dateModified":"2021-03-08T12:16:21+00:00","inLanguage":"fr-FR","potentialAction":[{"@type":"ReadAction","target":["https:\/\/ca.havas.com\/fr\/politique-de-temoin\/"]}]},{"@type":"WebSite","@id":"https:\/\/ca.havas.com\/#website","url":"https:\/\/ca.havas.com\/","name":"Havas Canada","description":"Just another Havas Village Sites site","potentialAction":[{"@type":"SearchAction","target":{"@type":"EntryPoint","urlTemplate":"https:\/\/ca.havas.com\/?s={search_term_string}"},"query-input":{"@type":"PropertyValueSpecification","valueRequired":true,"valueName":"search_term_string"}}],"inLanguage":"fr-FR"}]}},"_links":{"self":[{"href":"https:\/\/ca.havas.com\/fr\/wp-json\/wp\/v2\/pages\/719","targetHints":{"allow":["GET"]}}],"collection":[{"href":"https:\/\/ca.havas.com\/fr\/wp-json\/wp\/v2\/pages"}],"about":[{"href":"https:\/\/ca.havas.com\/fr\/wp-json\/wp\/v2\/types\/page"}],"author":[{"embeddable":true,"href":"https:\/\/ca.havas.com\/fr\/wp-json\/wp\/v2\/users\/1"}],"replies":[{"embeddable":true,"href":"https:\/\/ca.havas.com\/fr\/wp-json\/wp\/v2\/comments?post=719"}],"version-history":[{"count":0,"href":"https:\/\/ca.havas.com\/fr\/wp-json\/wp\/v2\/pages\/719\/revisions"}],"wp:attachment":[{"href":"https:\/\/ca.havas.com\/fr\/wp-json\/wp\/v2\/media?parent=719"}],"curies":[{"name":"wp","href":"https:\/\/api.w.org\/{rel}","templated":true}]}}